{"id":4600,"date":"2024-04-17T21:39:08","date_gmt":"2024-04-17T19:39:08","guid":{"rendered":"https:\/\/oktime.eu\/product\/trappe-de-cave-de-visite-de-sol-90x100-cm\/"},"modified":"2024-04-17T21:39:08","modified_gmt":"2024-04-17T19:39:08","slug":"trappe-de-cave-de-visite-de-sol-90x100-cm","status":"publish","type":"product","link":"https:\/\/oktime.eu\/fr\/product\/trappe-de-cave-de-visite-de-sol-90x100-cm\/","title":{"rendered":"Trappe de cave, de visite, de sol 90\u00d7100 cm"},"content":{"rendered":"<p><strong>Trappe de cave, de visite, de sol 90 \u00d7 100 cm<\/strong><\/p>\n<p><strong>POSSIBILIT\u00c9 DE FABRICATION DANS TOUTE DIMENSION SOUHAIT\u00c9E !<\/strong><\/p>\n<p>\u2714 <strong>Dimensions<\/strong> : 90 \u00d7 100 cm<\/p>\n<p>\u2714 <strong>Ouverture utile<\/strong> : 83 \u00d7 98 cm<\/p>\n<p>\u2714 <strong>Ouverture<\/strong> : V\u00e9rin \u00e0 gaz DACO GERMANY<\/p>\n<p>\u2714 <strong>Couvercle de la trappe<\/strong> : \u00c9cran en aluminium. Profil m\u00e9tallique, plaque de gypse-fibre hydrofuge Fermacell<\/p>\n<p>\u2714 <strong>Rev\u00eatement<\/strong> : Anticorrosion<\/p>\n<p>Le couvercle de la trappe \u2013 profil m\u00e9tallique 40 mm \u00d7 20 mm d\u2019une \u00e9paisseur de 1,5 mm, plaque de gypse-fibre hydrofuge Fermacell.<\/p>\n<p>Joint en caoutchouc \u2013 sur tout le pourtour du couvercle de la trappe.<\/p>\n<p>Fixation du verrou du couvercle du produit au cadre.<\/p>\n<p>V\u00e9rins \u00e0 gaz \u2013 facilitent l\u2019ouverture de la trappe.<\/p>\n<p>Rev\u00eatement anticorrosion.<\/p>\n<p>La technologie de fabrication des trappes de visite au sol garantit leur durabilit\u00e9 et leur r\u00e9sistance \u00e0 la corrosion. Elle assure la s\u00e9curit\u00e9 des infrastructures souterraines ainsi que leur exploitation.<\/p>\n<p>La trappe permet d\u2019acc\u00e9der aux infrastructures situ\u00e9es sous le niveau du sol.<\/p>\n<p>La trappe de visite au sol est install\u00e9e avant la pose du rev\u00eatement principal du sol. Elle est fix\u00e9e \u00e0 la base du sol et recouverte d\u2019un couvercle. Le design de la trappe invisible permet de poser dessus tous types de rev\u00eatements de sol existants : carrelage, stratifi\u00e9, parquet, gr\u00e8s et autres mat\u00e9riaux.<\/p>\n<p><strong>Uniquement pour une installation en int\u00e9rieur !<\/strong><\/p>\n","protected":false},"excerpt":{"rendered":"<p>POSSIBILIT\u00c9 DE FABRICATION DANS TOUTE DIMENSION SOUHAIT\u00c9E !<\/p>\n<p>La technologie de fabrication des trappes de visite au sol garantit leur durabilit\u00e9 et leur r\u00e9sistance \u00e0 la corrosion. Elle assure la s\u00e9curit\u00e9 des infrastructures souterraines ainsi que leur exploitation.<\/p>\n","protected":false},"featured_media":2950,"comment_status":"open","ping_status":"closed","template":"","meta":[],"product_brand":[],"product_cat":[135],"product_tag":[],"class_list":{"0":"post-4600","1":"product","2":"type-product","3":"status-publish","4":"has-post-thumbnail","6":"product_cat-trappes-de-plancher","7":"product_shipping_class-regulier-m","8":"pa_dlugosc-100-fr","9":"pa_szerokosc-90-fr","10":"pa_waga-39-kg-fr","12":"first","13":"instock","14":"taxable","15":"shipping-taxable","16":"purchasable","17":"product-type-simple"},"aioseo_notices":[],"_links":{"self":[{"href":"https:\/\/oktime.eu\/fr\/wp-json\/wp\/v2\/product\/4600","targetHints":{"allow":["GET"]}}],"collection":[{"href":"https:\/\/oktime.eu\/fr\/wp-json\/wp\/v2\/product"}],"about":[{"href":"https:\/\/oktime.eu\/fr\/wp-json\/wp\/v2\/types\/product"}],"replies":[{"embeddable":true,"href":"https:\/\/oktime.eu\/fr\/wp-json\/wp\/v2\/comments?post=4600"}],"version-history":[{"count":0,"href":"https:\/\/oktime.eu\/fr\/wp-json\/wp\/v2\/product\/4600\/revisions"}],"wp:featuredmedia":[{"embeddable":true,"href":"https:\/\/oktime.eu\/fr\/wp-json\/wp\/v2\/media\/2950"}],"wp:attachment":[{"href":"https:\/\/oktime.eu\/fr\/wp-json\/wp\/v2\/media?parent=4600"}],"wp:term":[{"taxonomy":"product_brand","embeddable":true,"href":"https:\/\/oktime.eu\/fr\/wp-json\/wp\/v2\/product_brand?post=4600"},{"taxonomy":"product_cat","embeddable":true,"href":"https:\/\/oktime.eu\/fr\/wp-json\/wp\/v2\/product_cat?post=4600"},{"taxonomy":"product_tag","embeddable":true,"href":"https:\/\/oktime.eu\/fr\/wp-json\/wp\/v2\/product_tag?post=4600"}],"curies":[{"name":"wp","href":"https:\/\/api.w.org\/{rel}","templated":true}]}}