{"id":4599,"date":"2024-04-17T21:43:56","date_gmt":"2024-04-17T19:43:56","guid":{"rendered":"https:\/\/oktime.eu\/product\/trappe-de-cave-de-revision-de-sol-90x110-cm\/"},"modified":"2024-04-17T21:43:56","modified_gmt":"2024-04-17T19:43:56","slug":"trappe-de-cave-de-revision-de-sol-90x110-cm","status":"publish","type":"product","link":"https:\/\/oktime.eu\/fr\/product\/trappe-de-cave-de-revision-de-sol-90x110-cm\/","title":{"rendered":"Trappe de cave, de r\u00e9vision, de sol 90\u00d7110 cm"},"content":{"rendered":"<p><strong>Trappe de cave, de r\u00e9vision, de sol 90 \u00d7 110 cm<\/strong><\/p>\n<p><strong>POSSIBILIT\u00c9 DE FABRIQUER UNE TRAPPE DANS TOUTES LES DIMENSIONS !<\/strong><\/p>\n<p>\u2714 Taille : 90 x 110 cm<\/p>\n<p>\u2714 Ouverture : 83 x 108 cm<\/p>\n<p>\u2714 Ouverture : V\u00e9rin \u00e0 gaz DACO GERMANY<\/p>\n<p>\u2714 Couvercle de la trappe : \u00c9cran en aluminium. Profil\u00e9 m\u00e9tallique, panneau en fibres de gypse r\u00e9sistant \u00e0 l&rsquo;humidit\u00e9 Fermacell<\/p>\n<p>\u2714 Rev\u00eatement : Anticorrosion<\/p>\n<p>Couvercle de la trappe : Profil m\u00e9tallique 40 mm x 20 mm d&rsquo;une \u00e9paisseur de 1,5 mm, panneau en fibres de gypse r\u00e9sistant \u00e0 l&rsquo;humidit\u00e9 Fermacell.<\/p>\n<p>Joint en caoutchouc : Tout autour du couvercle de la trappe.<\/p>\n<p>Fixation du verrouillage du couvercle du produit au cadre.<\/p>\n<p>But\u00e9es \u00e0 gaz : Facilitent l&rsquo;ouverture de la trappe.<\/p>\n<p>Rev\u00eatement anticorrosion.<\/p>\n<p>La technologie de fabrication des trappes de r\u00e9vision de sol garantit leur durabilit\u00e9 et leur r\u00e9sistance \u00e0 la corrosion. Cela assure la s\u00e9curit\u00e9 de l&rsquo;\u00e9quipement du terrain, ainsi que la s\u00e9curit\u00e9 de son exploitation.<\/p>\n<p>La trappe est utilis\u00e9e pour fournir un acc\u00e8s \u00e0 l&rsquo;\u00e9quipement du terrain situ\u00e9 sous le niveau du sol.<\/p>\n<p>La trappe de r\u00e9vision de sol est install\u00e9e avant la pose de la finition de sol de base. Elle est fix\u00e9e \u00e0 la base du sol et recouverte d&rsquo;un couvercle par le dessus. Le couvercle invisible de la trappe de sol permet de fixer tous les types de mat\u00e9riaux de finition de sol existants \u2013 carrelage, stratifi\u00e9, parquet, gr\u00e8s et autres rev\u00eatements.<\/p>\n<p><strong>Convient uniquement pour une installation \u00e0 l&rsquo;int\u00e9rieur !<\/strong><\/p>\n","protected":false},"excerpt":{"rendered":"<p>POSSIBILIT\u00c9 DE FABRIQUER UNE TRAPPE DANS TOUTES LES DIMENSIONS !<\/p>\n<p>La technologie de fabrication des trappes de r\u00e9vision de sol garantit leur durabilit\u00e9 et leur r\u00e9sistance \u00e0 la corrosion. Cela assure la s\u00e9curit\u00e9 de l&rsquo;\u00e9quipement du terrain, ainsi que la s\u00e9curit\u00e9 de son exploitation.<\/p>\n","protected":false},"featured_media":2962,"comment_status":"open","ping_status":"closed","template":"","meta":[],"product_brand":[],"product_cat":[135],"product_tag":[],"class_list":{"0":"post-4599","1":"product","2":"type-product","3":"status-publish","4":"has-post-thumbnail","6":"product_cat-trappes-de-plancher","7":"product_shipping_class-regulier-m","8":"pa_dlugosc-110-fr","9":"pa_szerokosc-90-fr","10":"pa_waga-42-kg-fr","12":"first","13":"instock","14":"taxable","15":"shipping-taxable","16":"purchasable","17":"product-type-simple"},"aioseo_notices":[],"_links":{"self":[{"href":"https:\/\/oktime.eu\/fr\/wp-json\/wp\/v2\/product\/4599","targetHints":{"allow":["GET"]}}],"collection":[{"href":"https:\/\/oktime.eu\/fr\/wp-json\/wp\/v2\/product"}],"about":[{"href":"https:\/\/oktime.eu\/fr\/wp-json\/wp\/v2\/types\/product"}],"replies":[{"embeddable":true,"href":"https:\/\/oktime.eu\/fr\/wp-json\/wp\/v2\/comments?post=4599"}],"version-history":[{"count":0,"href":"https:\/\/oktime.eu\/fr\/wp-json\/wp\/v2\/product\/4599\/revisions"}],"wp:featuredmedia":[{"embeddable":true,"href":"https:\/\/oktime.eu\/fr\/wp-json\/wp\/v2\/media\/2962"}],"wp:attachment":[{"href":"https:\/\/oktime.eu\/fr\/wp-json\/wp\/v2\/media?parent=4599"}],"wp:term":[{"taxonomy":"product_brand","embeddable":true,"href":"https:\/\/oktime.eu\/fr\/wp-json\/wp\/v2\/product_brand?post=4599"},{"taxonomy":"product_cat","embeddable":true,"href":"https:\/\/oktime.eu\/fr\/wp-json\/wp\/v2\/product_cat?post=4599"},{"taxonomy":"product_tag","embeddable":true,"href":"https:\/\/oktime.eu\/fr\/wp-json\/wp\/v2\/product_tag?post=4599"}],"curies":[{"name":"wp","href":"https:\/\/api.w.org\/{rel}","templated":true}]}}