{"id":4596,"date":"2024-04-17T21:56:59","date_gmt":"2024-04-17T19:56:59","guid":{"rendered":"https:\/\/oktime.eu\/product\/trappe-de-cave-de-revision-de-sol-90x140-cm\/"},"modified":"2024-04-17T21:56:59","modified_gmt":"2024-04-17T19:56:59","slug":"trappe-de-cave-de-revision-de-sol-90x140-cm","status":"publish","type":"product","link":"https:\/\/oktime.eu\/fr\/product\/trappe-de-cave-de-revision-de-sol-90x140-cm\/","title":{"rendered":"Trappe de cave, de r\u00e9vision, de sol 90\u00d7140 cm"},"content":{"rendered":"<p><strong>Trappe de cave, de r\u00e9vision, de sol 90 \u00d7 140 cm<\/strong><\/p>\n<p><strong>POSSIBILIT\u00c9 DE FABRIQUER UNE TRAPPE DANS TOUTES LES DIMENSIONS !<\/strong><\/p>\n<p>\u2714 Taille : 90 x 140 cm<\/p>\n<p>\u2714 Ouverture : 83 x 138 cm<\/p>\n<p>\u2714 Ouverture : V\u00e9rin \u00e0 gaz DACO GERMANY<\/p>\n<p>\u2714 Couvercle de la trappe : \u00c9cran en aluminium. Profil\u00e9 m\u00e9tallique, Plaque de pl\u00e2tre et fibre r\u00e9sistante \u00e0 l&rsquo;humidit\u00e9 Fermacell<\/p>\n<p>\u2714 Rev\u00eatement : Anticorrosion<\/p>\n<p>Couvercle de la trappe \u2013 Profil\u00e9 m\u00e9tallique 40mm x 20mm d&rsquo;\u00e9paisseur 1,5mm, plaque de fibre de gypse r\u00e9sistante \u00e0 l&rsquo;humidit\u00e9 Fermacell.<\/p>\n<p>Joint en caoutchouc \u2013 tout autour du bord du couvercle de la trappe.<\/p>\n<p>Fixation de la serrure du couvercle du produit au cadre.<\/p>\n<p>But\u00e9es \u00e0 gaz \u2013 facilitant l&rsquo;ouverture de la trappe.<\/p>\n<p>Rev\u00eatement anticorrosion.<\/p>\n<p>La technologie de fabrication des trappes de r\u00e9vision de sol garantit leur durabilit\u00e9 et leur r\u00e9sistance \u00e0 la corrosion. Cela assure la s\u00e9curit\u00e9 de l&rsquo;\u00e9quipement du terrain, ainsi que la s\u00e9curit\u00e9 de son exploitation.<\/p>\n<p>La trappe permet un acc\u00e8s \u00e0 l&rsquo;\u00e9quipement du terrain situ\u00e9 sous le niveau du sol.<\/p>\n<p>La trappe de r\u00e9vision de sol est install\u00e9e avant la pose du rev\u00eatement de sol principal. Elle est fix\u00e9e \u00e0 la base du sol et recouverte par un couvercle. Le couvercle invisible de la trappe de sol permet de fixer tous les types de mat\u00e9riaux de rev\u00eatement de sol existants \u2013 carreaux, stratifi\u00e9, parquet, gr\u00e8s et autres rev\u00eatements.<\/p>\n<p><strong>Convient uniquement pour une installation \u00e0 l&rsquo;int\u00e9rieur !<\/strong><\/p>\n","protected":false},"excerpt":{"rendered":"<p>POSSIBILIT\u00c9 DE FABRIQUER UNE TRAPPE DANS TOUTES LES DIMENSIONS !<\/p>\n<p>La technologie de fabrication des trappes de r\u00e9vision de sol garantit leur durabilit\u00e9 et leur r\u00e9sistance \u00e0 la corrosion. Cela assure la s\u00e9curit\u00e9 de l&rsquo;\u00e9quipement du terrain, ainsi que la s\u00e9curit\u00e9 de son exploitation.<\/p>\n","protected":false},"featured_media":2998,"comment_status":"open","ping_status":"closed","template":"","meta":[],"product_brand":[],"product_cat":[135],"product_tag":[],"class_list":{"0":"post-4596","1":"product","2":"type-product","3":"status-publish","4":"has-post-thumbnail","6":"product_cat-trappes-de-plancher","7":"product_shipping_class-regulier-m","8":"pa_dlugosc-140-fr","9":"pa_szerokosc-90-fr","10":"pa_waga-48-kg-fr","12":"first","13":"instock","14":"taxable","15":"shipping-taxable","16":"purchasable","17":"product-type-simple"},"aioseo_notices":[],"_links":{"self":[{"href":"https:\/\/oktime.eu\/fr\/wp-json\/wp\/v2\/product\/4596","targetHints":{"allow":["GET"]}}],"collection":[{"href":"https:\/\/oktime.eu\/fr\/wp-json\/wp\/v2\/product"}],"about":[{"href":"https:\/\/oktime.eu\/fr\/wp-json\/wp\/v2\/types\/product"}],"replies":[{"embeddable":true,"href":"https:\/\/oktime.eu\/fr\/wp-json\/wp\/v2\/comments?post=4596"}],"version-history":[{"count":0,"href":"https:\/\/oktime.eu\/fr\/wp-json\/wp\/v2\/product\/4596\/revisions"}],"wp:featuredmedia":[{"embeddable":true,"href":"https:\/\/oktime.eu\/fr\/wp-json\/wp\/v2\/media\/2998"}],"wp:attachment":[{"href":"https:\/\/oktime.eu\/fr\/wp-json\/wp\/v2\/media?parent=4596"}],"wp:term":[{"taxonomy":"product_brand","embeddable":true,"href":"https:\/\/oktime.eu\/fr\/wp-json\/wp\/v2\/product_brand?post=4596"},{"taxonomy":"product_cat","embeddable":true,"href":"https:\/\/oktime.eu\/fr\/wp-json\/wp\/v2\/product_cat?post=4596"},{"taxonomy":"product_tag","embeddable":true,"href":"https:\/\/oktime.eu\/fr\/wp-json\/wp\/v2\/product_tag?post=4596"}],"curies":[{"name":"wp","href":"https:\/\/api.w.org\/{rel}","templated":true}]}}