{"id":4564,"date":"2024-04-18T18:51:30","date_gmt":"2024-04-18T16:51:30","guid":{"rendered":"https:\/\/oktime.eu\/product\/trappe-de-cave-revisable-au-sol-80x60cm\/"},"modified":"2024-04-18T18:51:30","modified_gmt":"2024-04-18T16:51:30","slug":"trappe-de-cave-revisable-au-sol-80x60cm","status":"publish","type":"product","link":"https:\/\/oktime.eu\/fr\/product\/trappe-de-cave-revisable-au-sol-80x60cm\/","title":{"rendered":"Trappe de cave, r\u00e9visable, au sol 80\u00d760cm"},"content":{"rendered":"<p><strong>Trappe de cave, r\u00e9visable, au sol 80 \u00d7 60 cm<\/strong><\/p>\n<p><strong>POSSIBILIT\u00c9 DE FABRICATION DE LA TRAPPE DANS N&rsquo;IMPORTE QUELLE TAILLE !<\/strong><\/p>\n<p>\u2714 Taille : 80 x 60 cm<\/p>\n<p>\u2714 Ouverture : 73 x 58 cm<\/p>\n<p>\u2714 Ouverture : Actionneur \u00e0 gaz DACO GERMANY<\/p>\n<p>\u2714 Couvercle de la trappe : \u00c9cran en aluminium. Profil m\u00e9tallique, plaque en fibre de gypse r\u00e9sistante \u00e0 l&rsquo;humidit\u00e9 Fermacell<\/p>\n<p>\u2714 Rev\u00eatement : Anticorrosion<\/p>\n<p>Couvercle de la trappe \u2013 profil m\u00e9tallique 40mm x 20mm d&rsquo;une \u00e9paisseur de 1,5mm, plaque en fibre de gypse r\u00e9sistante \u00e0 l&rsquo;humidit\u00e9 Fermacell.<\/p>\n<p>Joint en caoutchouc \u2013 sur tout le p\u00e9rim\u00e8tre du couvercle de la trappe.<\/p>\n<p>Fixation du verrou du couvercle du produit au cadre.<\/p>\n<p>But\u00e9es \u00e0 gaz \u2013 facilitant l&rsquo;ouverture de la trappe.<\/p>\n<p>Rev\u00eatement anticorrosion.<\/p>\n<p>La technologie de fabrication des trappes de sol r\u00e9visables garantit leur durabilit\u00e9 et leur r\u00e9sistance \u00e0 la corrosion. Cela assure la s\u00e9curit\u00e9 de l&rsquo;\u00e9quipement du terrain ainsi que la s\u00e9curit\u00e9 de son exploitation.<\/p>\n<p>La trappe permet un acc\u00e8s \u00e0 l&rsquo;\u00e9quipement situ\u00e9 sous le niveau du sol.<\/p>\n<p>La trappe r\u00e9visable au sol est install\u00e9e avant la pose de la finition du sol principale. Elle est fix\u00e9e \u00e0 la base du sol et ferm\u00e9e par un couvercle en haut. La couverture de la trappe de sol invisible permet de fixer tous les types de mat\u00e9riaux de finition de sol existants \u2013 carrelage, stratifi\u00e9, parquet, gr\u00e8s et autres rev\u00eatements.<\/p>\n<p><strong>Convient uniquement pour une installation \u00e0 l&rsquo;int\u00e9rieur !<\/strong><\/p>\n","protected":false},"excerpt":{"rendered":"<p>POSSIBILIT\u00c9 DE FABRICATION DE LA TRAPPE DANS N&rsquo;IMPORTE QUELLE TAILLE !<\/p>\n<p>La technologie de fabrication des trappes de sol r\u00e9visables garantit leur durabilit\u00e9 et leur r\u00e9sistance \u00e0 la corrosion. Cela assure la s\u00e9curit\u00e9 de l&rsquo;\u00e9quipement du terrain ainsi que la s\u00e9curit\u00e9 de son exploitation.<\/p>\n","protected":false},"featured_media":3415,"comment_status":"open","ping_status":"closed","template":"","meta":[],"product_brand":[],"product_cat":[135],"product_tag":[],"class_list":{"0":"post-4564","1":"product","2":"type-product","3":"status-publish","4":"has-post-thumbnail","6":"product_cat-trappes-de-plancher","7":"product_shipping_class-zwykly-s-fr","8":"pa_dlugosc-60-fr","9":"pa_szerokosc-80-fr","10":"pa_waga-27-kg-fr","12":"first","13":"instock","14":"taxable","15":"shipping-taxable","16":"purchasable","17":"product-type-simple"},"aioseo_notices":[],"_links":{"self":[{"href":"https:\/\/oktime.eu\/fr\/wp-json\/wp\/v2\/product\/4564","targetHints":{"allow":["GET"]}}],"collection":[{"href":"https:\/\/oktime.eu\/fr\/wp-json\/wp\/v2\/product"}],"about":[{"href":"https:\/\/oktime.eu\/fr\/wp-json\/wp\/v2\/types\/product"}],"replies":[{"embeddable":true,"href":"https:\/\/oktime.eu\/fr\/wp-json\/wp\/v2\/comments?post=4564"}],"version-history":[{"count":0,"href":"https:\/\/oktime.eu\/fr\/wp-json\/wp\/v2\/product\/4564\/revisions"}],"wp:featuredmedia":[{"embeddable":true,"href":"https:\/\/oktime.eu\/fr\/wp-json\/wp\/v2\/media\/3415"}],"wp:attachment":[{"href":"https:\/\/oktime.eu\/fr\/wp-json\/wp\/v2\/media?parent=4564"}],"wp:term":[{"taxonomy":"product_brand","embeddable":true,"href":"https:\/\/oktime.eu\/fr\/wp-json\/wp\/v2\/product_brand?post=4564"},{"taxonomy":"product_cat","embeddable":true,"href":"https:\/\/oktime.eu\/fr\/wp-json\/wp\/v2\/product_cat?post=4564"},{"taxonomy":"product_tag","embeddable":true,"href":"https:\/\/oktime.eu\/fr\/wp-json\/wp\/v2\/product_tag?post=4564"}],"curies":[{"name":"wp","href":"https:\/\/api.w.org\/{rel}","templated":true}]}}