{"id":4556,"date":"2024-04-18T21:27:45","date_gmt":"2024-04-18T19:27:45","guid":{"rendered":"https:\/\/oktime.eu\/product\/couvercle-de-cave-de-revision-de-sol-70x120-cm\/"},"modified":"2024-04-18T21:27:45","modified_gmt":"2024-04-18T19:27:45","slug":"couvercle-de-cave-de-revision-de-sol-70x120-cm","status":"publish","type":"product","link":"https:\/\/oktime.eu\/fr\/product\/couvercle-de-cave-de-revision-de-sol-70x120-cm\/","title":{"rendered":"Couvercle de cave, de r\u00e9vision, de sol 70\u00d7120 cm"},"content":{"rendered":"<p><strong>Trappe de cave, de r\u00e9vision, de sol 70 \u00d7 120 cm<\/strong><\/p>\n<p><strong>POSSIBILIT\u00c9 DE FABRIQUER LA TRAPPE DANS N&rsquo;IMPORTE QUELLE TAILLE !<\/strong><\/p>\n<p>\u2714 Taille : 70 x 120 cm<\/p>\n<p>\u2714 Lumi\u00e8re de l&rsquo;ouverture : 63 x 118 cm<\/p>\n<p>\u2714 Ouverture : V\u00e9rin \u00e0 gaz DACO GERMANY<\/p>\n<p>\u2714 Couvercle de la trappe : \u00c9cran en aluminium. Profil m\u00e9tallique, plaque de pl\u00e2tre et fibres r\u00e9sistante \u00e0 l&rsquo;humidit\u00e9 Fermacell<\/p>\n<p>\u2714 Rev\u00eatement : Anticorrosion<\/p>\n<p>Le couvercle de la trappe \u2013 profil m\u00e9tallique 40mm x 20mm d&rsquo;\u00e9paisseur 1,5mm, plaque de fibre de pl\u00e2tre r\u00e9sistante \u00e0 l&rsquo;humidit\u00e9 Fermacell.<\/p>\n<p>Joint en caoutchouc \u2013 sur tout le p\u00e9rim\u00e8tre du couvercle de la trappe.<\/p>\n<p>Fixation du verrou du couvercle du produit au cadre.<\/p>\n<p>But\u00e9es \u00e0 gaz \u2013 facilitant l&rsquo;ouverture de la trappe.<\/p>\n<p>Rev\u00eatement anticorrosion.<\/p>\n<p>La technologie de fabrication des trappes de r\u00e9vision de sol assure de mani\u00e8re fiable leur durabilit\u00e9 et leur r\u00e9sistance \u00e0 la corrosion. Cela garantit la s\u00e9curit\u00e9 des infrastructures du terrain ainsi que la s\u00e9curit\u00e9 de son exploitation.<\/p>\n<p>La trappe permet d&rsquo;assurer l&rsquo;acc\u00e8s aux infrastructures situ\u00e9es sous le niveau du sol.<\/p>\n<p>La trappe de r\u00e9vision de sol est install\u00e9e avant l&rsquo;installation du rev\u00eatement de sol principal. Elle est fix\u00e9e \u00e0 la base du sol et ferm\u00e9e par un couvercle par le dessus. Le couvercle de trappe de sol invisible permet de fixer tous les types de mat\u00e9riaux de finition de sol existants \u2013 carrelage, stratifi\u00e9, parquet, gr\u00e8s et autres rev\u00eatements.<\/p>\n<p><strong>Convient uniquement pour une installation \u00e0 l&rsquo;int\u00e9rieur !<\/strong><\/p>\n","protected":false},"excerpt":{"rendered":"<p>POSSIBILIT\u00c9 DE FABRIQUER LA TRAPPE DANS N&rsquo;IMPORTE QUELLE TAILLE !<\/p>\n<p>La technologie de fabrication des trappes de r\u00e9vision de sol assure de mani\u00e8re fiable leur durabilit\u00e9 et leur r\u00e9sistance \u00e0 la corrosion. Cela garantit la s\u00e9curit\u00e9 des infrastructures du terrain ainsi que la s\u00e9curit\u00e9 de son exploitation.<\/p>\n","protected":false},"featured_media":3526,"comment_status":"open","ping_status":"closed","template":"","meta":[],"product_brand":[],"product_cat":[135],"product_tag":[],"class_list":{"0":"post-4556","1":"product","2":"type-product","3":"status-publish","4":"has-post-thumbnail","6":"product_cat-trappes-de-plancher","7":"product_shipping_class-regulier-m","8":"pa_dlugosc-120-fr","9":"pa_szerokosc-70-fr","10":"pa_waga-40-kg-fr","12":"first","13":"instock","14":"taxable","15":"shipping-taxable","16":"purchasable","17":"product-type-simple"},"aioseo_notices":[],"_links":{"self":[{"href":"https:\/\/oktime.eu\/fr\/wp-json\/wp\/v2\/product\/4556","targetHints":{"allow":["GET"]}}],"collection":[{"href":"https:\/\/oktime.eu\/fr\/wp-json\/wp\/v2\/product"}],"about":[{"href":"https:\/\/oktime.eu\/fr\/wp-json\/wp\/v2\/types\/product"}],"replies":[{"embeddable":true,"href":"https:\/\/oktime.eu\/fr\/wp-json\/wp\/v2\/comments?post=4556"}],"version-history":[{"count":0,"href":"https:\/\/oktime.eu\/fr\/wp-json\/wp\/v2\/product\/4556\/revisions"}],"wp:featuredmedia":[{"embeddable":true,"href":"https:\/\/oktime.eu\/fr\/wp-json\/wp\/v2\/media\/3526"}],"wp:attachment":[{"href":"https:\/\/oktime.eu\/fr\/wp-json\/wp\/v2\/media?parent=4556"}],"wp:term":[{"taxonomy":"product_brand","embeddable":true,"href":"https:\/\/oktime.eu\/fr\/wp-json\/wp\/v2\/product_brand?post=4556"},{"taxonomy":"product_cat","embeddable":true,"href":"https:\/\/oktime.eu\/fr\/wp-json\/wp\/v2\/product_cat?post=4556"},{"taxonomy":"product_tag","embeddable":true,"href":"https:\/\/oktime.eu\/fr\/wp-json\/wp\/v2\/product_tag?post=4556"}],"curies":[{"name":"wp","href":"https:\/\/api.w.org\/{rel}","templated":true}]}}