{"id":4553,"date":"2024-04-18T21:34:08","date_gmt":"2024-04-18T19:34:08","guid":{"rendered":"https:\/\/oktime.eu\/product\/couvercle-de-cave-de-revision-de-sol-70x90-cm\/"},"modified":"2024-04-18T21:34:08","modified_gmt":"2024-04-18T19:34:08","slug":"couvercle-de-cave-de-revision-de-sol-70x90-cm","status":"publish","type":"product","link":"https:\/\/oktime.eu\/fr\/product\/couvercle-de-cave-de-revision-de-sol-70x90-cm\/","title":{"rendered":"Couvercle de cave, de r\u00e9vision, de sol 70\u00d790 cm"},"content":{"rendered":"<p><strong>Couvercle de cave, de r\u00e9vision, de sol 70 \u00d7 90 cm<\/strong><\/p>\n<p><strong>POSSIBILIT\u00c9 DE R\u00c9ALISER UN COUVERCLE DANS N&rsquo;IMPORTE QUELLE TAILLE !<\/strong><\/p>\n<p>\u2714 Taille : 70 x 90 cm<\/p>\n<p>\u2714 Ouverture : 63 x 88 cm<\/p>\n<p>\u2714 Ouverture : V\u00e9rin \u00e0 gaz DACO GERMANY<\/p>\n<p>\u2714 Couvercle du couvercle : \u00c9cran en aluminium. Profil m\u00e9tallique, plaque de fibrociment r\u00e9sistante \u00e0 l&rsquo;humidit\u00e9 Fermacell<\/p>\n<p>\u2714 Rev\u00eatement : Anticorrosion<\/p>\n<p>Couvercle du couvercle \u2013 Profil m\u00e9tallique 40 mm x 20 mm avec une \u00e9paisseur de 1,5 mm, plaque en fibre de gypse r\u00e9sistante \u00e0 l&rsquo;humidit\u00e9 Fermacell.<\/p>\n<p>Joint en caoutchouc \u2013 sur tout le contour du couvercle du couvercle.<\/p>\n<p>Fixation de la serrure du couvercle du produit au cadre.<\/p>\n<p>Amortisseurs \u00e0 gaz \u2013 facilitant l&rsquo;ouverture du couvercle.<\/p>\n<p>Rev\u00eatement anticorrosion.<\/p>\n<p>La technologie de fabrication des trappes de r\u00e9vision de sol assure leur durabilit\u00e9 et leur r\u00e9sistance \u00e0 la corrosion. Cela garantit la s\u00e9curit\u00e9 de l&rsquo;armement du terrain et assure \u00e9galement la s\u00e9curit\u00e9 de son utilisation.<\/p>\n<p>La trappe sert \u00e0 fournir un acc\u00e8s \u00e0 l&rsquo;armement du terrain situ\u00e9 sous le niveau du sol.<\/p>\n<p>La trappe de r\u00e9vision de sol est install\u00e9e avant l&rsquo;installation de la finition du sol principale. Elle est fix\u00e9e \u00e0 la base du sol et ferm\u00e9e par un couvercle en haut. La couverture de la trappe de sol invisible permet de fixer tous les types de mat\u00e9riaux de finition du sol existants \u2013 carrelage, stratifi\u00e9, parquet, gr\u00e8s et autres rev\u00eatements.<\/p>\n<p><strong>Convient uniquement pour une installation \u00e0 l&rsquo;int\u00e9rieur !<\/strong><\/p>\n","protected":false},"excerpt":{"rendered":"<p>POSSIBILIT\u00c9 DE R\u00c9ALISER UN COUVERCLE DANS N&rsquo;IMPORTE QUELLE TAILLE !<\/p>\n<p>La technologie de fabrication des trappes de r\u00e9vision de sol assure leur durabilit\u00e9 et leur r\u00e9sistance \u00e0 la corrosion. Cela garantit la s\u00e9curit\u00e9 de l&rsquo;armement du terrain et assure \u00e9galement la s\u00e9curit\u00e9 de son utilisation.<\/p>\n","protected":false},"featured_media":3556,"comment_status":"open","ping_status":"closed","template":"","meta":[],"product_brand":[],"product_cat":[135],"product_tag":[],"class_list":{"0":"post-4553","1":"product","2":"type-product","3":"status-publish","4":"has-post-thumbnail","6":"product_cat-trappes-de-plancher","7":"product_shipping_class-zwykly-s-fr","8":"pa_dlugosc-90-fr","9":"pa_szerokosc-70-fr","10":"pa_waga-31-kg-fr","12":"first","13":"instock","14":"taxable","15":"shipping-taxable","16":"purchasable","17":"product-type-simple"},"aioseo_notices":[],"_links":{"self":[{"href":"https:\/\/oktime.eu\/fr\/wp-json\/wp\/v2\/product\/4553","targetHints":{"allow":["GET"]}}],"collection":[{"href":"https:\/\/oktime.eu\/fr\/wp-json\/wp\/v2\/product"}],"about":[{"href":"https:\/\/oktime.eu\/fr\/wp-json\/wp\/v2\/types\/product"}],"replies":[{"embeddable":true,"href":"https:\/\/oktime.eu\/fr\/wp-json\/wp\/v2\/comments?post=4553"}],"version-history":[{"count":0,"href":"https:\/\/oktime.eu\/fr\/wp-json\/wp\/v2\/product\/4553\/revisions"}],"wp:featuredmedia":[{"embeddable":true,"href":"https:\/\/oktime.eu\/fr\/wp-json\/wp\/v2\/media\/3556"}],"wp:attachment":[{"href":"https:\/\/oktime.eu\/fr\/wp-json\/wp\/v2\/media?parent=4553"}],"wp:term":[{"taxonomy":"product_brand","embeddable":true,"href":"https:\/\/oktime.eu\/fr\/wp-json\/wp\/v2\/product_brand?post=4553"},{"taxonomy":"product_cat","embeddable":true,"href":"https:\/\/oktime.eu\/fr\/wp-json\/wp\/v2\/product_cat?post=4553"},{"taxonomy":"product_tag","embeddable":true,"href":"https:\/\/oktime.eu\/fr\/wp-json\/wp\/v2\/product_tag?post=4553"}],"curies":[{"name":"wp","href":"https:\/\/api.w.org\/{rel}","templated":true}]}}