{"id":4547,"date":"2024-04-18T21:48:31","date_gmt":"2024-04-18T19:48:31","guid":{"rendered":"https:\/\/oktime.eu\/product\/trappe-de-cave-de-revision-au-sol-60x100cm\/"},"modified":"2024-04-18T21:48:31","modified_gmt":"2024-04-18T19:48:31","slug":"trappe-de-cave-de-revision-au-sol-60x100cm","status":"publish","type":"product","link":"https:\/\/oktime.eu\/fr\/product\/trappe-de-cave-de-revision-au-sol-60x100cm\/","title":{"rendered":"Trappe de cave, de r\u00e9vision, au sol, 60\u00d7100cm"},"content":{"rendered":"<p><strong>Trappe de cave, de r\u00e9vision, au sol, 60 \u00d7 100 cm<\/strong><\/p>\n<p><strong>POSSIBILIT\u00c9 DE FABRIQUER LA TRAPPE DANS TOUTES LES DIMENSIONS !<\/strong><\/p>\n<p>\u2714 Taille : 60 x 100 cm<\/p>\n<p>\u2714 Ouverture : 53 x 98 cm<\/p>\n<p>\u2714 Ouverture : V\u00e9rin \u00e0 gaz DACO GERMANY<\/p>\n<p>\u2714 Couvercle de la trappe : \u00c9cran en aluminium. Profil\u00e9 m\u00e9tallique, Plaque en fibre de gypse r\u00e9sistante \u00e0 l&rsquo;humidit\u00e9 Fermacell<\/p>\n<p>\u2714 Rev\u00eatement : Anticorrosion<\/p>\n<p>Couvercle de la trappe \u2013 profil\u00e9 m\u00e9tallique 40mm x 20mm d&rsquo;une \u00e9paisseur de 1,5mm, plaque en fibre de gypse r\u00e9sistante \u00e0 l&rsquo;humidit\u00e9 Fermacell.<\/p>\n<p>Joint en caoutchouc \u2013 sur tout le contour du couvercle de la trappe.<\/p>\n<p>Fixation du verrou du couvercle du produit au cadre.<\/p>\n<p>Amortisseurs \u00e0 gaz \u2013 facilitant l&rsquo;ouverture de la trappe.<\/p>\n<p>Rev\u00eatement anticorrosion.<\/p>\n<p>La technologie de fabrication des trappes de r\u00e9vision au sol garantit leur durabilit\u00e9 et leur r\u00e9sistance \u00e0 la corrosion. Cela assure la s\u00e9curit\u00e9 de l&rsquo;\u00e9quipement du terrain et garantit \u00e9galement sa s\u00e9curit\u00e9 d&rsquo;exploitation.<\/p>\n<p>La trappe permet l&rsquo;acc\u00e8s \u00e0 l&rsquo;\u00e9quipement situ\u00e9 sous le niveau du sol.<\/p>\n<p>La trappe de r\u00e9vision au sol est install\u00e9e avant l&rsquo;installation de la finition de sol principale. Elle est fix\u00e9e \u00e0 la base du sol et ferm\u00e9e par un couvercle. Le couvercle de la trappe au sol permet de fixer tous les types de mat\u00e9riaux de finition de sol existants \u2013 carreaux, stratifi\u00e9, parquet, gr\u00e8s et autres rev\u00eatements.<\/p>\n<p><strong>Convient uniquement pour l&rsquo;installation \u00e0 l&rsquo;int\u00e9rieur !<\/strong><\/p>\n","protected":false},"excerpt":{"rendered":"<p>POSSIBILIT\u00c9 DE FABRIQUER LA TRAPPE DANS TOUTES LES DIMENSIONS !<\/p>\n<p>La technologie de fabrication des trappes de r\u00e9vision au sol garantit leur durabilit\u00e9 et leur r\u00e9sistance \u00e0 la corrosion. Cela assure la s\u00e9curit\u00e9 de l&rsquo;\u00e9quipement du terrain et garantit \u00e9galement sa s\u00e9curit\u00e9 d&rsquo;exploitation.<\/p>\n","protected":false},"featured_media":3628,"comment_status":"open","ping_status":"closed","template":"","meta":[],"product_brand":[],"product_cat":[135],"product_tag":[],"class_list":{"0":"post-4547","1":"product","2":"type-product","3":"status-publish","4":"has-post-thumbnail","6":"product_cat-trappes-de-plancher","7":"product_shipping_class-zwykly-s-fr","8":"pa_dlugosc-100-fr","9":"pa_szerokosc-60-fr","10":"pa_waga-30-kg-fr","12":"first","13":"instock","14":"taxable","15":"shipping-taxable","16":"purchasable","17":"product-type-simple"},"aioseo_notices":[],"_links":{"self":[{"href":"https:\/\/oktime.eu\/fr\/wp-json\/wp\/v2\/product\/4547","targetHints":{"allow":["GET"]}}],"collection":[{"href":"https:\/\/oktime.eu\/fr\/wp-json\/wp\/v2\/product"}],"about":[{"href":"https:\/\/oktime.eu\/fr\/wp-json\/wp\/v2\/types\/product"}],"replies":[{"embeddable":true,"href":"https:\/\/oktime.eu\/fr\/wp-json\/wp\/v2\/comments?post=4547"}],"version-history":[{"count":0,"href":"https:\/\/oktime.eu\/fr\/wp-json\/wp\/v2\/product\/4547\/revisions"}],"wp:featuredmedia":[{"embeddable":true,"href":"https:\/\/oktime.eu\/fr\/wp-json\/wp\/v2\/media\/3628"}],"wp:attachment":[{"href":"https:\/\/oktime.eu\/fr\/wp-json\/wp\/v2\/media?parent=4547"}],"wp:term":[{"taxonomy":"product_brand","embeddable":true,"href":"https:\/\/oktime.eu\/fr\/wp-json\/wp\/v2\/product_brand?post=4547"},{"taxonomy":"product_cat","embeddable":true,"href":"https:\/\/oktime.eu\/fr\/wp-json\/wp\/v2\/product_cat?post=4547"},{"taxonomy":"product_tag","embeddable":true,"href":"https:\/\/oktime.eu\/fr\/wp-json\/wp\/v2\/product_tag?post=4547"}],"curies":[{"name":"wp","href":"https:\/\/api.w.org\/{rel}","templated":true}]}}