{"id":4544,"date":"2024-04-18T21:55:58","date_gmt":"2024-04-18T19:55:58","guid":{"rendered":"https:\/\/oktime.eu\/product\/trappe-de-cave-revision-de-sol-60x70cm\/"},"modified":"2024-04-18T21:55:58","modified_gmt":"2024-04-18T19:55:58","slug":"trappe-de-cave-revision-de-sol-60x70cm","status":"publish","type":"product","link":"https:\/\/oktime.eu\/fr\/product\/trappe-de-cave-revision-de-sol-60x70cm\/","title":{"rendered":"Trappe de cave, r\u00e9vision, de sol 60\u00d770cm"},"content":{"rendered":"<p><strong>Trappe de cave, r\u00e9vision, de sol 60 \u00d7 70 cm<\/strong><\/p>\n<p><strong>POSSIBILIT\u00c9 DE FABRIQUER LA TRAPPE DANS N&rsquo;IMPORTE QUELLE DIMENSION !<\/strong><\/p>\n<p>\u2714 Taille : 60 x 70 cm<\/p>\n<p>\u2714 Ouverture du trou : 53 x 68 cm<\/p>\n<p>\u2714 Ouverture : Actionneur \u00e0 gaz DACO GERMANY<\/p>\n<p>\u2714 Couvercle de la trappe : \u00c9cran en aluminium, profil\u00e9 m\u00e9tallique, plaque de pl\u00e2tre et fibre r\u00e9sistante \u00e0 l&rsquo;humidit\u00e9 Fermacell<\/p>\n<p>\u2714 Rev\u00eatement : Anti-corrosion<\/p>\n<p>Couvercle de la trappe \u2013 profil\u00e9 m\u00e9tallique 40mm x 20mm d&rsquo;\u00e9paisseur 1,5mm, plaque de fibre de gypse r\u00e9sistante \u00e0 l&rsquo;humidit\u00e9 Fermacell.<\/p>\n<p>Joint en caoutchouc \u2013 sur tout le pourtour du couvercle de la trappe.<\/p>\n<p>Fixation de la serrure du couvercle au cadre du produit.<\/p>\n<p>Amortisseurs \u00e0 gaz \u2013 facilitant l&rsquo;ouverture de la trappe.<\/p>\n<p>Rev\u00eatement anti-corrosion.<\/p>\n<p>La technologie de fabrication des trappes de sol de r\u00e9vision garantit leur durabilit\u00e9 et leur r\u00e9sistance \u00e0 la corrosion. Cela garantit la s\u00e9curit\u00e9 des \u00e9quipements du terrain et assure \u00e9galement la s\u00e9curit\u00e9 de son exploitation.<\/p>\n<p>La trappe sert \u00e0 fournir un acc\u00e8s aux \u00e9quipements situ\u00e9s sous le niveau du sol.<\/p>\n<p>La trappe de r\u00e9vision de sol est install\u00e9e avant l&rsquo;installation du rev\u00eatement de sol de base. Elle est fix\u00e9e \u00e0 la base du sol et ferm\u00e9e par un couvercle par-dessus. Le couvercle invisible de la trappe de sol permet de fixer tous les types de mat\u00e9riaux de rev\u00eatement de sol existants &#8211; carrelage, stratifi\u00e9, parquet, gr\u00e8s et autres rev\u00eatements.<\/p>\n<p><strong>Convient uniquement pour l&rsquo;installation \u00e0 l&rsquo;int\u00e9rieur !<\/strong><\/p>\n","protected":false},"excerpt":{"rendered":"<p>POSSIBILIT\u00c9 DE FABRIQUER LA TRAPPE DANS N&rsquo;IMPORTE QUELLE DIMENSION !<\/p>\n<p>La technologie de fabrication des trappes de sol de r\u00e9vision garantit leur durabilit\u00e9 et leur r\u00e9sistance \u00e0 la corrosion. Cela garantit la s\u00e9curit\u00e9 des \u00e9quipements du terrain et assure \u00e9galement la s\u00e9curit\u00e9 de son exploitation.<\/p>\n","protected":false},"featured_media":3661,"comment_status":"open","ping_status":"closed","template":"","meta":[],"product_brand":[],"product_cat":[135],"product_tag":[],"class_list":{"0":"post-4544","1":"product","2":"type-product","3":"status-publish","4":"has-post-thumbnail","6":"product_cat-trappes-de-plancher","7":"product_shipping_class-zwykly-s-fr","8":"pa_dlugosc-70-fr","9":"pa_szerokosc-60-fr","10":"pa_waga-23-kg-fr","12":"first","13":"instock","14":"taxable","15":"shipping-taxable","16":"purchasable","17":"product-type-simple"},"aioseo_notices":[],"_links":{"self":[{"href":"https:\/\/oktime.eu\/fr\/wp-json\/wp\/v2\/product\/4544","targetHints":{"allow":["GET"]}}],"collection":[{"href":"https:\/\/oktime.eu\/fr\/wp-json\/wp\/v2\/product"}],"about":[{"href":"https:\/\/oktime.eu\/fr\/wp-json\/wp\/v2\/types\/product"}],"replies":[{"embeddable":true,"href":"https:\/\/oktime.eu\/fr\/wp-json\/wp\/v2\/comments?post=4544"}],"version-history":[{"count":0,"href":"https:\/\/oktime.eu\/fr\/wp-json\/wp\/v2\/product\/4544\/revisions"}],"wp:featuredmedia":[{"embeddable":true,"href":"https:\/\/oktime.eu\/fr\/wp-json\/wp\/v2\/media\/3661"}],"wp:attachment":[{"href":"https:\/\/oktime.eu\/fr\/wp-json\/wp\/v2\/media?parent=4544"}],"wp:term":[{"taxonomy":"product_brand","embeddable":true,"href":"https:\/\/oktime.eu\/fr\/wp-json\/wp\/v2\/product_brand?post=4544"},{"taxonomy":"product_cat","embeddable":true,"href":"https:\/\/oktime.eu\/fr\/wp-json\/wp\/v2\/product_cat?post=4544"},{"taxonomy":"product_tag","embeddable":true,"href":"https:\/\/oktime.eu\/fr\/wp-json\/wp\/v2\/product_tag?post=4544"}],"curies":[{"name":"wp","href":"https:\/\/api.w.org\/{rel}","templated":true}]}}