{"id":4450,"date":"2024-04-18T21:20:49","date_gmt":"2024-04-18T19:20:49","guid":{"rendered":"https:\/\/oktime.eu\/product\/lukenabdeckung-fuer-den-keller-inspektionsbodenluke-70x150-cm\/"},"modified":"2025-02-04T10:05:53","modified_gmt":"2025-02-04T09:05:53","slug":"lukenabdeckung-fuer-den-keller-inspektionsbodenluke-70x150-cm","status":"publish","type":"product","link":"https:\/\/oktime.eu\/de\/product\/lukenabdeckung-fuer-den-keller-inspektionsbodenluke-70x150-cm\/","title":{"rendered":"Lukenabdeckung f\u00fcr den Keller, Inspektionsbodenluke 70\u00d7150 cm"},"content":{"rendered":"<p class=\"p2\"><b>Lukenabdeckung f\u00fcr den Keller, Inspektionsbodenluke 70\u00d7150 cm<\/b><\/p>\n<p class=\"p2\"><b>SCHACHTABDECKUNGEN K\u00d6NNEN IN JEDER GR\u00d6SSE HERGESTELLT WERDEN!<\/b><\/p>\n<p class=\"p2\"><span class=\"s1\">\u2714<\/span> Gr\u00f6\u00dfe: 70 x 150 cm<\/p>\n<p class=\"p2\"><span class=\"s1\">\u2714<\/span> Lichtma\u00df: 63 x 148 cm<\/p>\n<p class=\"p2\">\u2714 <span class=\"s1\">\u00d6ffnung<\/span>: Gasflasche DACO GERMANY<\/p>\n<p class=\"p2\"><span class=\"s1\">\u2714<\/span> Schachtabdeckung: Aluminiumgitter.Metallprofil, Fermacell Trockenbauwand<\/p>\n<p class=\"p2\"><span class=\"s1\">\u2714<\/span> Beschichtung: antikorrosiv<\/p>\n<p class=\"p2\">Schachtabdeckung &#8211; 40 mm x 20 mm Metallprofil, 1,5 mm dick, feuchtigkeitsbest\u00e4ndige Gipsfaserplatte von Fermacell.<\/p>\n<p class=\"p2\">Gummidichtung &#8211; um den Umfang des Schachtdeckels herum.<\/p>\n<p class=\"p2\">Befestigen Sie das Schloss der Produktabdeckung am Rahmen.<\/p>\n<p class=\"p2\">Gasdruckd\u00e4mpfer &#8211; erleichtern das \u00d6ffnen des Gullys.<\/p>\n<p class=\"p2\">Anti-Korrosions-Beschichtung.<\/p>\n<p class=\"p2\">Die Fertigungstechnologie der Bodeninspektionssch\u00e4chte gew\u00e4hrleistet zuverl\u00e4ssig ihre Langlebigkeit und Korrosionsbest\u00e4ndigkeit. Dies garantiert die Sicherheit der Entwicklung des Standorts und sorgt auch daf\u00fcr, dass er sicher betrieben werden kann.<\/p>\n<p class=\"p2\">Der Schacht wird verwendet, um Zugang zu den Versorgungseinrichtungen unterhalb des Bodens zu erhalten.<\/p>\n<p class=\"p2\">Die Bodeninspektionsluke wird vor der Verlegung des Grundputzes installiert. Er wird am Boden befestigt und von oben mit einem Deckel verschlossen. Auf der unsichtbaren Bodenlukenabdeckung k\u00f6nnen alle Arten von vorhandenen Bodenbel\u00e4gen &#8211; Fliesen, Laminat, Parkett, Feinsteinzeug und andere Beschichtungen &#8211; befestigt werden.<\/p>\n<p class=\"p2\"><b>Nur f\u00fcr die Innenaufstellung geeignet!<\/b><\/p>\n","protected":false},"excerpt":{"rendered":"<p>SCHACHTABDECKUNGEN K\u00d6NNEN IN JEDER GR\u00d6SSE HERGESTELLT WERDEN!<br \/>\nDie Fertigungstechnologie der Bodeninspektionssch\u00e4chte gew\u00e4hrleistet zuverl\u00e4ssig ihre Langlebigkeit und Korrosionsbest\u00e4ndigkeit. Dies garantiert die Sicherheit der Entwicklung des Standorts und sorgt auch daf\u00fcr, dass er sicher betrieben werden kann.<\/p>\n","protected":false},"featured_media":3488,"comment_status":"open","ping_status":"closed","template":"","meta":[],"product_brand":[],"product_cat":[132],"product_tag":[],"class_list":{"0":"post-4450","1":"product","2":"type-product","3":"status-publish","4":"has-post-thumbnail","6":"product_cat-bodenluken","7":"product_shipping_class-regular-m","8":"pa_dlugosc-150-de","9":"pa_szerokosc-70-de","10":"pa_waga-46-kg-de","12":"first","13":"instock","14":"taxable","15":"shipping-taxable","16":"purchasable","17":"product-type-simple"},"aioseo_notices":[],"_links":{"self":[{"href":"https:\/\/oktime.eu\/de\/wp-json\/wp\/v2\/product\/4450","targetHints":{"allow":["GET"]}}],"collection":[{"href":"https:\/\/oktime.eu\/de\/wp-json\/wp\/v2\/product"}],"about":[{"href":"https:\/\/oktime.eu\/de\/wp-json\/wp\/v2\/types\/product"}],"replies":[{"embeddable":true,"href":"https:\/\/oktime.eu\/de\/wp-json\/wp\/v2\/comments?post=4450"}],"version-history":[{"count":1,"href":"https:\/\/oktime.eu\/de\/wp-json\/wp\/v2\/product\/4450\/revisions"}],"predecessor-version":[{"id":4452,"href":"https:\/\/oktime.eu\/de\/wp-json\/wp\/v2\/product\/4450\/revisions\/4452"}],"wp:featuredmedia":[{"embeddable":true,"href":"https:\/\/oktime.eu\/de\/wp-json\/wp\/v2\/media\/3488"}],"wp:attachment":[{"href":"https:\/\/oktime.eu\/de\/wp-json\/wp\/v2\/media?parent=4450"}],"wp:term":[{"taxonomy":"product_brand","embeddable":true,"href":"https:\/\/oktime.eu\/de\/wp-json\/wp\/v2\/product_brand?post=4450"},{"taxonomy":"product_cat","embeddable":true,"href":"https:\/\/oktime.eu\/de\/wp-json\/wp\/v2\/product_cat?post=4450"},{"taxonomy":"product_tag","embeddable":true,"href":"https:\/\/oktime.eu\/de\/wp-json\/wp\/v2\/product_tag?post=4450"}],"curies":[{"name":"wp","href":"https:\/\/api.w.org\/{rel}","templated":true}]}}